{"id":3372,"date":"2025-01-17T10:53:10","date_gmt":"2025-01-17T09:53:10","guid":{"rendered":"https:\/\/eturia.co\/?page_id=3372"},"modified":"2025-02-16T22:51:45","modified_gmt":"2025-02-16T21:51:45","slug":"quality-and-information-security","status":"publish","type":"page","link":"https:\/\/eturia.co\/es\/calidad-y-seguridad-informacion\/","title":{"rendered":"Pol\u00edtica de Calidad y Seguridad de la Informaci\u00f3n"},"content":{"rendered":"<div class=\"fusion-fullwidth fullwidth-box fusion-builder-row-1 fusion-flex-container nonhundred-percent-fullwidth non-hundred-percent-height-scrolling\" style=\"background-color: rgba(255,255,255,0);background-position: center center;background-repeat: no-repeat;border-width: 0px 0px 0px 0px;border-color:#edeef2;border-style:solid;\" ><div class=\"fusion-builder-row fusion-row fusion-flex-align-items-flex-start\" style=\"max-width:calc( 1170px + 0px );margin-left: calc(-0px \/ 2 );margin-right: calc(-0px \/ 2 );\"><div class=\"fusion-layout-column fusion_builder_column fusion-builder-column-0 fusion_builder_column_1_1 1_1 fusion-flex-column\"><div class=\"fusion-column-wrapper fusion-flex-justify-content-flex-start fusion-content-layout-column\" style=\"background-position:left top;background-blend-mode: overlay;background-repeat:no-repeat;-webkit-background-size:cover;-moz-background-size:cover;-o-background-size:cover;background-size:cover;padding: 0px 0px 0px 0px;\"><style type=\"text\/css\">@media only screen and (max-width:1024px) {.fusion-title.fusion-title-1{margin-top:0px!important; margin-right:0px!important;margin-bottom:31px!important;margin-left:0px!important;}}@media only screen and (max-width:640px) {.fusion-title.fusion-title-1{margin-top:0px!important; margin-right:0px!important;margin-bottom:20px!important; margin-left:0px!important;}}<\/style><div class=\"fusion-title title fusion-title-1 fusion-title-text fusion-title-size-one\" style=\"margin-top:0px;margin-right:0px;margin-bottom:31px;margin-left:0px;\"><div class=\"title-sep-container title-sep-container-left fusion-no-large-visibility fusion-no-medium-visibility fusion-no-small-visibility\"><div class=\"title-sep sep-\" style=\"border-color:#edeef2;\"><\/div><\/div><span class=\"awb-title-spacer fusion-no-large-visibility fusion-no-medium-visibility fusion-no-small-visibility\"><\/span><h1 class=\"title-heading-left fusion-responsive-typography-calculated\" style=\"margin:0;--fontSize:90;line-height:1.1;\">Pol\u00edtica de Calidad y Seguridad de la Informaci\u00f3n<\/h1><span class=\"awb-title-spacer\"><\/span><div class=\"title-sep-container title-sep-container-right\"><div class=\"title-sep sep-\" style=\"border-color:#edeef2;\"><\/div><\/div><\/div><div class=\"fusion-text fusion-text-1\"><p>E-TURIA LABS, S.L. ha implantado un sistema de gesti\u00f3n de la calidad y de seguridad de la informaci\u00f3n seg\u00fan la NORMA UNE EN ISO 9001:2015 y la NORMA UNE EN ISO 27001:2023 para Desarrollo de Software sobre la plataforma SAP Commerce Cloud, que proporciona un marco de referencia para conseguir satisfacci\u00f3n de los requisitos y expectativas de nuestros clientes, as\u00ed como de asegurar la seguridad de la informaci\u00f3n<\/p>\n<p>Para ello E-TURIA LABS, S.L. dispone de la gesti\u00f3n e infraestructura adecuada que permite ofrecer servicios de CALIDAD ayudando de este modo a generar valor a\u00f1adido para los clientes, as\u00ed como tambi\u00e9n para la propia empresa.<\/p>\n<p>Se desea ser empresa de referencia en el \u00e1rea de actividad. La excelencia en la prestaci\u00f3n de servicios, la innovaci\u00f3n orientada a la mejora continua y la promoci\u00f3n del di\u00e1logo y el compromiso con las partes interesadas son parte de la estrategia a seguir.<\/p>\n<p>La metodolog\u00eda de trabajo potencia la mejor prestaci\u00f3n del servicio, asistencia r\u00e1pida y eficazmente a cliente cuando sea requerido, a la vez que permite cumplir con todos los requisitos aplicables, tanto legales como los deseados por el propio cliente.<\/p>\n<p>Por todo ello se da especial importancia a tener una atenci\u00f3n en la orientaci\u00f3n al cliente con el fin de entender bien sus necesidades, la adaptaci\u00f3n a los cambios, la reducci\u00f3n de los riesgos y la formaci\u00f3n continua, la concienciaci\u00f3n y motivaci\u00f3n de nuestro personal en la importancia de la calidad.<\/p>\n<p>El establecimiento de directrices para gestionar y proteger la informaci\u00f3n cr\u00edtica de nuestra empresa es de gran importancia en la empresa. Es por ello que el sistema de gesti\u00f3n integrado se aplica a todos los procesos, activos, empleados y partes interesadas involucrados en nuestras operaciones que garantiza la confidencialidad, integridad y disponibilidad de la informaci\u00f3n, el cumplimiento con la normativa legal y regulatoria aplicable, la protecci\u00f3n de los datos de clientes y la seguridad en la ejecuci\u00f3n de los trabajos realizados.<\/p>\n<p>La Pol\u00edtica de Calidad y de Seguridad de la informaci\u00f3n, que se mantiene al d\u00eda, es comunicada a todo el personal de la organizaci\u00f3n y puesta a disposici\u00f3n de las partes interesadas y es el marco para el cumplimiento de nuestros objetivos de la calidad para conseguir la mejora continua de todos nuestros procesos.<\/p>\n<p>Se puede encontrar m\u00e1s informaci\u00f3n sobre estas pol\u00edticas de calidad y seguridad y sus beneficios en el desarrollo de SAP Commerce en la p\u00e1gina detallada sobre las <a href=\"https:\/\/eturia.co\/es\/certificaciones-calidad-seguridad\/\">ISO 9001 e ISO 27001<\/a>.<\/p>\n<\/div><\/div><style type=\"text\/css\">.fusion-body .fusion-builder-column-0{width:100% !important;margin-top : 0px;margin-bottom : 0px;}.fusion-builder-column-0 > .fusion-column-wrapper {padding-top : 0px !important;padding-right : 0px !important;margin-right : 0px;padding-bottom : 0px !important;padding-left : 0px !important;margin-left : 0px;}@media only screen and (max-width:1024px) {.fusion-body .fusion-builder-column-0{width:100% !important;}.fusion-builder-column-0 > .fusion-column-wrapper {margin-right : 0px;margin-left : 0px;}}@media only screen and (max-width:640px) {.fusion-body .fusion-builder-column-0{width:100% !important;}.fusion-builder-column-0 > .fusion-column-wrapper {margin-right : 0px;margin-left : 0px;}}<\/style><\/div><\/div><style type=\"text\/css\">.fusion-body .fusion-flex-container.fusion-builder-row-1{ padding-top : 0px;margin-top : 0px;padding-right : 0px;padding-bottom : 0px;margin-bottom : 0px;padding-left : 0px;}<\/style><\/div>","protected":false},"excerpt":{"rendered":"","protected":false},"author":1,"featured_media":0,"parent":0,"menu_order":0,"comment_status":"closed","ping_status":"closed","template":"100-width.php","meta":{"inline_featured_image":false,"footnotes":""},"class_list":["post-3372","page","type-page","status-publish","hentry"],"yoast_head":"<!-- This site is optimized with the Yoast SEO plugin v27.1.1 - https:\/\/yoast.com\/product\/yoast-seo-wordpress\/ -->\n<title>Quality and Information Security Policy - E-Turia<\/title>\n<meta name=\"description\" content=\"E-Turia Labs ensures quality and information security under ISO 9001 and ISO 27001, focusing on client satisfaction and data protection\" \/>\n<meta name=\"robots\" content=\"noindex, follow\" \/>\n<meta property=\"og:locale\" content=\"es_ES\" \/>\n<meta property=\"og:type\" content=\"article\" \/>\n<meta property=\"og:title\" content=\"Quality and Information Security Policy - E-Turia\" \/>\n<meta property=\"og:description\" content=\"E-Turia Labs ensures quality and information security under ISO 9001 and ISO 27001, focusing on client satisfaction and data protection\" \/>\n<meta property=\"og:url\" content=\"https:\/\/eturia.co\/es\/calidad-y-seguridad-informacion\/\" \/>\n<meta property=\"og:site_name\" content=\"E-Turia\" \/>\n<meta property=\"article:modified_time\" content=\"2025-02-16T21:51:45+00:00\" \/>\n<meta name=\"twitter:card\" content=\"summary_large_image\" \/>\n<meta name=\"twitter:label1\" content=\"Tiempo de lectura\" \/>\n\t<meta name=\"twitter:data1\" content=\"2 minutos\" \/>\n<script type=\"application\/ld+json\" class=\"yoast-schema-graph\">{\"@context\":\"https:\/\/schema.org\",\"@graph\":[{\"@type\":\"WebPage\",\"@id\":\"https:\/\/eturia.co\/quality-and-information-security\/\",\"url\":\"https:\/\/eturia.co\/quality-and-information-security\/\",\"name\":\"Quality and Information Security Policy - E-Turia\",\"isPartOf\":{\"@id\":\"https:\/\/eturia.co\/#website\"},\"datePublished\":\"2025-01-17T09:53:10+00:00\",\"dateModified\":\"2025-02-16T21:51:45+00:00\",\"description\":\"E-Turia Labs ensures quality and information security under ISO 9001 and ISO 27001, focusing on client satisfaction and data protection\",\"breadcrumb\":{\"@id\":\"https:\/\/eturia.co\/quality-and-information-security\/#breadcrumb\"},\"inLanguage\":\"es\",\"potentialAction\":[{\"@type\":\"ReadAction\",\"target\":[\"https:\/\/eturia.co\/quality-and-information-security\/\"]}]},{\"@type\":\"BreadcrumbList\",\"@id\":\"https:\/\/eturia.co\/quality-and-information-security\/#breadcrumb\",\"itemListElement\":[{\"@type\":\"ListItem\",\"position\":1,\"name\":\"Home\",\"item\":\"https:\/\/eturia.co\/\"},{\"@type\":\"ListItem\",\"position\":2,\"name\":\"Quality and Information Security Policy\"}]},{\"@type\":\"WebSite\",\"@id\":\"https:\/\/eturia.co\/#website\",\"url\":\"https:\/\/eturia.co\/\",\"name\":\"E-Turia\",\"description\":\"Crafting SAP Commerce Experiences\",\"publisher\":{\"@id\":\"https:\/\/eturia.co\/#organization\"},\"potentialAction\":[{\"@type\":\"SearchAction\",\"target\":{\"@type\":\"EntryPoint\",\"urlTemplate\":\"https:\/\/eturia.co\/?s={search_term_string}\"},\"query-input\":{\"@type\":\"PropertyValueSpecification\",\"valueRequired\":true,\"valueName\":\"search_term_string\"}}],\"inLanguage\":\"es\"},{\"@type\":\"Organization\",\"@id\":\"https:\/\/eturia.co\/#organization\",\"name\":\"E-Turia\",\"url\":\"https:\/\/eturia.co\/\",\"logo\":{\"@type\":\"ImageObject\",\"inLanguage\":\"es\",\"@id\":\"https:\/\/eturia.co\/#\/schema\/logo\/image\/\",\"url\":\"https:\/\/eturia.co\/wp-content\/uploads\/2022\/08\/E-Turia-Color.png\",\"contentUrl\":\"https:\/\/eturia.co\/wp-content\/uploads\/2022\/08\/E-Turia-Color.png\",\"width\":2103,\"height\":1881,\"caption\":\"E-Turia\"},\"image\":{\"@id\":\"https:\/\/eturia.co\/#\/schema\/logo\/image\/\"}}]}<\/script>\n<!-- \/ Yoast SEO plugin. -->","yoast_head_json":{"title":"Pol\u00edtica de Calidad y Seguridad de la Informaci\u00f3n - E-Turia","description":"E-Turia Labs garantiza la calidad y seguridad de la informaci\u00f3n bajo las normas ISO 9001 e ISO 27001. Satisfacci\u00f3n de cliente y protecci\u00f3n de datos.","robots":{"index":"noindex","follow":"follow"},"og_locale":"es_ES","og_type":"article","og_title":"Quality and Information Security Policy - E-Turia","og_description":"E-Turia Labs ensures quality and information security under ISO 9001 and ISO 27001, focusing on client satisfaction and data protection","og_url":"https:\/\/eturia.co\/es\/calidad-y-seguridad-informacion\/","og_site_name":"E-Turia","article_modified_time":"2025-02-16T21:51:45+00:00","twitter_card":"summary_large_image","twitter_misc":{"Tiempo de lectura":"2 minutos"},"schema":{"@context":"https:\/\/schema.org","@graph":[{"@type":"WebPage","@id":"https:\/\/eturia.co\/quality-and-information-security\/","url":"https:\/\/eturia.co\/quality-and-information-security\/","name":"Pol\u00edtica de Calidad y Seguridad de la Informaci\u00f3n - E-Turia","isPartOf":{"@id":"https:\/\/eturia.co\/#website"},"datePublished":"2025-01-17T09:53:10+00:00","dateModified":"2025-02-16T21:51:45+00:00","description":"E-Turia Labs garantiza la calidad y seguridad de la informaci\u00f3n bajo las normas ISO 9001 e ISO 27001. Satisfacci\u00f3n de cliente y protecci\u00f3n de datos.","breadcrumb":{"@id":"https:\/\/eturia.co\/quality-and-information-security\/#breadcrumb"},"inLanguage":"es","potentialAction":[{"@type":"ReadAction","target":["https:\/\/eturia.co\/quality-and-information-security\/"]}]},{"@type":"BreadcrumbList","@id":"https:\/\/eturia.co\/quality-and-information-security\/#breadcrumb","itemListElement":[{"@type":"ListItem","position":1,"name":"Home","item":"https:\/\/eturia.co\/"},{"@type":"ListItem","position":2,"name":"Quality and Information Security Policy"}]},{"@type":"WebSite","@id":"https:\/\/eturia.co\/#website","url":"https:\/\/eturia.co\/","name":"E-Turia","description":"Crafting SAP Commerce Experiences","publisher":{"@id":"https:\/\/eturia.co\/#organization"},"potentialAction":[{"@type":"SearchAction","target":{"@type":"EntryPoint","urlTemplate":"https:\/\/eturia.co\/?s={search_term_string}"},"query-input":{"@type":"PropertyValueSpecification","valueRequired":true,"valueName":"search_term_string"}}],"inLanguage":"es"},{"@type":"Organization","@id":"https:\/\/eturia.co\/#organization","name":"E-Turia","url":"https:\/\/eturia.co\/","logo":{"@type":"ImageObject","inLanguage":"es","@id":"https:\/\/eturia.co\/#\/schema\/logo\/image\/","url":"https:\/\/eturia.co\/wp-content\/uploads\/2022\/08\/E-Turia-Color.png","contentUrl":"https:\/\/eturia.co\/wp-content\/uploads\/2022\/08\/E-Turia-Color.png","width":2103,"height":1881,"caption":"E-Turia"},"image":{"@id":"https:\/\/eturia.co\/#\/schema\/logo\/image\/"}}]}},"_links":{"self":[{"href":"https:\/\/eturia.co\/es\/wp-json\/wp\/v2\/pages\/3372","targetHints":{"allow":["GET"]}}],"collection":[{"href":"https:\/\/eturia.co\/es\/wp-json\/wp\/v2\/pages"}],"about":[{"href":"https:\/\/eturia.co\/es\/wp-json\/wp\/v2\/types\/page"}],"author":[{"embeddable":true,"href":"https:\/\/eturia.co\/es\/wp-json\/wp\/v2\/users\/1"}],"replies":[{"embeddable":true,"href":"https:\/\/eturia.co\/es\/wp-json\/wp\/v2\/comments?post=3372"}],"version-history":[{"count":3,"href":"https:\/\/eturia.co\/es\/wp-json\/wp\/v2\/pages\/3372\/revisions"}],"predecessor-version":[{"id":3557,"href":"https:\/\/eturia.co\/es\/wp-json\/wp\/v2\/pages\/3372\/revisions\/3557"}],"wp:attachment":[{"href":"https:\/\/eturia.co\/es\/wp-json\/wp\/v2\/media?parent=3372"}],"curies":[{"name":"wp","href":"https:\/\/api.w.org\/{rel}","templated":true}]}}